{"id":2963,"date":"2021-10-07T17:47:54","date_gmt":"2021-10-07T15:47:54","guid":{"rendered":"https:\/\/octamus.fr\/?page_id=2963"},"modified":"2024-01-26T17:23:09","modified_gmt":"2024-01-26T16:23:09","slug":"documents","status":"publish","type":"page","link":"https:\/\/octamus.fr\/index.php\/documents\/","title":{"rendered":"Documents"},"content":{"rendered":"\t\t<div data-elementor-type=\"wp-page\" data-elementor-id=\"2963\" class=\"elementor elementor-2963\">\n\t\t\t\t\t\t<section class=\"elementor-section elementor-top-section elementor-element elementor-element-79e14f8 elementor-section-boxed elementor-section-height-default elementor-section-height-default\" data-id=\"79e14f8\" data-element_type=\"section\" data-e-type=\"section\" data-settings=\"{&quot;background_background&quot;:&quot;classic&quot;}\">\n\t\t\t\t\t\t\t<div class=\"elementor-background-overlay\"><\/div>\n\t\t\t\t\t\t\t<div class=\"elementor-container elementor-column-gap-default\">\n\t\t\t\t\t<div class=\"elementor-column elementor-col-100 elementor-top-column elementor-element elementor-element-ec4f581\" data-id=\"ec4f581\" data-element_type=\"column\" data-e-type=\"column\">\n\t\t\t<div class=\"elementor-widget-wrap elementor-element-populated\">\n\t\t\t\t\t\t<div class=\"elementor-element elementor-element-044249b elementor-widget elementor-widget-text-editor\" data-id=\"044249b\" data-element_type=\"widget\" data-e-type=\"widget\" data-widget_type=\"text-editor.default\">\n\t\t\t\t<div class=\"elementor-widget-container\">\n\t\t\t\t\t\t\t\t\t<p>Branche de psychologie exp\u00e9rimentale, la psychom\u00e9trie est la science de la mesure des caract\u00e9ristiques psychologiques des individus. Elle consiste en l&rsquo;\u00e9valuation quantifi\u00e9e, objective et standardis\u00e9e, des diff\u00e9rences individuelles \u00e0 l&rsquo;aide d&rsquo;instruments psychotechniques.<\/p><p>En produisant et commercialisant des mat\u00e9riels de tests et d&rsquo;\u00e9valuation, hautement performant gr\u00e2ce aux \u00e9tudes r\u00e9alis\u00e9es conjointement avec les laboratoires de psychologie, et en s&rsquo;associant \u00e0 d&rsquo;\u00e9minents psychologues dont le professeur Raymond Bonnardel, <b>Denise Guyot<\/b> et <b>Robert Simonnet<\/b> ont largement particip\u00e9 au d\u00e9veloppement et \u00e0 l&rsquo;essor de la psychom\u00e9trie.<\/p><p>Ils ont produits deux livres qui retracent cette histoire:<\/p><p>&#8211; Livre 1 : Un si\u00e8cle de psychom\u00e9trie et de psychologie<\/p><p>&#8211; Livre 2 : La psychom\u00e9trie, historique des tests<\/p><p>Un 3\u00e8me livre et divers articles traitent des capacit\u00e9s humaines et de l&rsquo;intelligence artificielle.<\/p>\t\t\t\t\t\t\t\t<\/div>\n\t\t\t\t<\/div>\n\t\t\t\t\t<\/div>\n\t\t<\/div>\n\t\t\t\t\t<\/div>\n\t\t<\/section>\n\t\t\t\t<\/div>\n\t\t","protected":false},"excerpt":{"rendered":"<p>Branche de psychologie exp\u00e9rimentale, la psychom\u00e9trie est la science de la mesure des caract\u00e9ristiques psychologiques des individus. Elle consiste en l&rsquo;\u00e9valuation quantifi\u00e9e, objective et standardis\u00e9e, des diff\u00e9rences individuelles \u00e0 l&rsquo;aide d&rsquo;instruments psychotechniques. En produisant et commercialisant des mat\u00e9riels de tests et d&rsquo;\u00e9valuation, hautement performant gr\u00e2ce aux \u00e9tudes r\u00e9alis\u00e9es conjointement avec les laboratoires de psychologie, et [&hellip;]<\/p>\n","protected":false},"author":1,"featured_media":0,"parent":0,"menu_order":0,"comment_status":"closed","ping_status":"closed","template":"","meta":{"_crdt_document":"","footnotes":""},"class_list":["post-2963","page","type-page","status-publish","hentry"],"yoast_head":"<!-- This site is optimized with the Yoast SEO plugin v27.3 - https:\/\/yoast.com\/product\/yoast-seo-wordpress\/ -->\n<title>Documents - OCTAMUS<\/title>\n<meta name=\"description\" content=\"tests d&#039;intelligence, quotient intellectuel, potentiel intellectuel, intelligence, brochure Stcrp, Stcrp, machinistes, receveurs, Ratp\" \/>\n<meta name=\"robots\" content=\"index, follow, max-snippet:-1, max-image-preview:large, max-video-preview:-1\" \/>\n<link rel=\"canonical\" href=\"https:\/\/octamus.fr\/index.php\/documents\/\" \/>\n<meta property=\"og:locale\" content=\"fr_FR\" \/>\n<meta property=\"og:type\" content=\"article\" \/>\n<meta property=\"og:title\" content=\"Documents - OCTAMUS\" \/>\n<meta property=\"og:description\" content=\"tests d&#039;intelligence, quotient intellectuel, potentiel intellectuel, intelligence, brochure Stcrp, Stcrp, machinistes, receveurs, Ratp\" \/>\n<meta property=\"og:url\" content=\"https:\/\/octamus.fr\/index.php\/documents\/\" \/>\n<meta property=\"og:site_name\" content=\"OCTAMUS\" \/>\n<meta property=\"article:modified_time\" content=\"2024-01-26T16:23:09+00:00\" \/>\n<meta name=\"twitter:card\" content=\"summary_large_image\" \/>\n<meta name=\"twitter:label1\" content=\"Dur\u00e9e de lecture estim\u00e9e\" \/>\n\t<meta name=\"twitter:data1\" content=\"1 minute\" \/>\n<script type=\"application\/ld+json\" class=\"yoast-schema-graph\">{\"@context\":\"https:\\\/\\\/schema.org\",\"@graph\":[{\"@type\":\"WebPage\",\"@id\":\"https:\\\/\\\/octamus.fr\\\/index.php\\\/documents\\\/\",\"url\":\"https:\\\/\\\/octamus.fr\\\/index.php\\\/documents\\\/\",\"name\":\"Documents - OCTAMUS\",\"isPartOf\":{\"@id\":\"https:\\\/\\\/octamus.fr\\\/#website\"},\"datePublished\":\"2021-10-07T15:47:54+00:00\",\"dateModified\":\"2024-01-26T16:23:09+00:00\",\"description\":\"tests d'intelligence, quotient intellectuel, potentiel intellectuel, intelligence, brochure Stcrp, Stcrp, machinistes, receveurs, Ratp\",\"breadcrumb\":{\"@id\":\"https:\\\/\\\/octamus.fr\\\/index.php\\\/documents\\\/#breadcrumb\"},\"inLanguage\":\"fr-FR\",\"potentialAction\":[{\"@type\":\"ReadAction\",\"target\":[\"https:\\\/\\\/octamus.fr\\\/index.php\\\/documents\\\/\"]}]},{\"@type\":\"BreadcrumbList\",\"@id\":\"https:\\\/\\\/octamus.fr\\\/index.php\\\/documents\\\/#breadcrumb\",\"itemListElement\":[{\"@type\":\"ListItem\",\"position\":1,\"name\":\"Accueil\",\"item\":\"https:\\\/\\\/octamus.fr\\\/\"},{\"@type\":\"ListItem\",\"position\":2,\"name\":\"Documents\"}]},{\"@type\":\"WebSite\",\"@id\":\"https:\\\/\\\/octamus.fr\\\/#website\",\"url\":\"https:\\\/\\\/octamus.fr\\\/\",\"name\":\"OCTAMUS\",\"description\":\"Psychom\u00e9trie et Psychologie\",\"publisher\":{\"@id\":\"https:\\\/\\\/octamus.fr\\\/#organization\"},\"potentialAction\":[{\"@type\":\"SearchAction\",\"target\":{\"@type\":\"EntryPoint\",\"urlTemplate\":\"https:\\\/\\\/octamus.fr\\\/?s={search_term_string}\"},\"query-input\":{\"@type\":\"PropertyValueSpecification\",\"valueRequired\":true,\"valueName\":\"search_term_string\"}}],\"inLanguage\":\"fr-FR\"},{\"@type\":\"Organization\",\"@id\":\"https:\\\/\\\/octamus.fr\\\/#organization\",\"name\":\"OCTAMUS\",\"url\":\"https:\\\/\\\/octamus.fr\\\/\",\"logo\":{\"@type\":\"ImageObject\",\"inLanguage\":\"fr-FR\",\"@id\":\"https:\\\/\\\/octamus.fr\\\/#\\\/schema\\\/logo\\\/image\\\/\",\"url\":\"https:\\\/\\\/octamus.fr\\\/wp-content\\\/uploads\\\/2021\\\/05\\\/cropped-spheres-e1728397570855.png\",\"contentUrl\":\"https:\\\/\\\/octamus.fr\\\/wp-content\\\/uploads\\\/2021\\\/05\\\/cropped-spheres-e1728397570855.png\",\"width\":352,\"height\":41,\"caption\":\"OCTAMUS\"},\"image\":{\"@id\":\"https:\\\/\\\/octamus.fr\\\/#\\\/schema\\\/logo\\\/image\\\/\"}}]}<\/script>\n<!-- \/ Yoast SEO plugin. -->","yoast_head_json":{"title":"Documents - OCTAMUS","description":"tests d'intelligence, quotient intellectuel, potentiel intellectuel, intelligence, brochure Stcrp, Stcrp, machinistes, receveurs, Ratp","robots":{"index":"index","follow":"follow","max-snippet":"max-snippet:-1","max-image-preview":"max-image-preview:large","max-video-preview":"max-video-preview:-1"},"canonical":"https:\/\/octamus.fr\/index.php\/documents\/","og_locale":"fr_FR","og_type":"article","og_title":"Documents - OCTAMUS","og_description":"tests d'intelligence, quotient intellectuel, potentiel intellectuel, intelligence, brochure Stcrp, Stcrp, machinistes, receveurs, Ratp","og_url":"https:\/\/octamus.fr\/index.php\/documents\/","og_site_name":"OCTAMUS","article_modified_time":"2024-01-26T16:23:09+00:00","twitter_card":"summary_large_image","twitter_misc":{"Dur\u00e9e de lecture estim\u00e9e":"1 minute"},"schema":{"@context":"https:\/\/schema.org","@graph":[{"@type":"WebPage","@id":"https:\/\/octamus.fr\/index.php\/documents\/","url":"https:\/\/octamus.fr\/index.php\/documents\/","name":"Documents - OCTAMUS","isPartOf":{"@id":"https:\/\/octamus.fr\/#website"},"datePublished":"2021-10-07T15:47:54+00:00","dateModified":"2024-01-26T16:23:09+00:00","description":"tests d'intelligence, quotient intellectuel, potentiel intellectuel, intelligence, brochure Stcrp, Stcrp, machinistes, receveurs, Ratp","breadcrumb":{"@id":"https:\/\/octamus.fr\/index.php\/documents\/#breadcrumb"},"inLanguage":"fr-FR","potentialAction":[{"@type":"ReadAction","target":["https:\/\/octamus.fr\/index.php\/documents\/"]}]},{"@type":"BreadcrumbList","@id":"https:\/\/octamus.fr\/index.php\/documents\/#breadcrumb","itemListElement":[{"@type":"ListItem","position":1,"name":"Accueil","item":"https:\/\/octamus.fr\/"},{"@type":"ListItem","position":2,"name":"Documents"}]},{"@type":"WebSite","@id":"https:\/\/octamus.fr\/#website","url":"https:\/\/octamus.fr\/","name":"OCTAMUS","description":"Psychom\u00e9trie et Psychologie","publisher":{"@id":"https:\/\/octamus.fr\/#organization"},"potentialAction":[{"@type":"SearchAction","target":{"@type":"EntryPoint","urlTemplate":"https:\/\/octamus.fr\/?s={search_term_string}"},"query-input":{"@type":"PropertyValueSpecification","valueRequired":true,"valueName":"search_term_string"}}],"inLanguage":"fr-FR"},{"@type":"Organization","@id":"https:\/\/octamus.fr\/#organization","name":"OCTAMUS","url":"https:\/\/octamus.fr\/","logo":{"@type":"ImageObject","inLanguage":"fr-FR","@id":"https:\/\/octamus.fr\/#\/schema\/logo\/image\/","url":"https:\/\/octamus.fr\/wp-content\/uploads\/2021\/05\/cropped-spheres-e1728397570855.png","contentUrl":"https:\/\/octamus.fr\/wp-content\/uploads\/2021\/05\/cropped-spheres-e1728397570855.png","width":352,"height":41,"caption":"OCTAMUS"},"image":{"@id":"https:\/\/octamus.fr\/#\/schema\/logo\/image\/"}}]}},"jetpack_sharing_enabled":true,"_links":{"self":[{"href":"https:\/\/octamus.fr\/index.php\/wp-json\/wp\/v2\/pages\/2963","targetHints":{"allow":["GET"]}}],"collection":[{"href":"https:\/\/octamus.fr\/index.php\/wp-json\/wp\/v2\/pages"}],"about":[{"href":"https:\/\/octamus.fr\/index.php\/wp-json\/wp\/v2\/types\/page"}],"author":[{"embeddable":true,"href":"https:\/\/octamus.fr\/index.php\/wp-json\/wp\/v2\/users\/1"}],"replies":[{"embeddable":true,"href":"https:\/\/octamus.fr\/index.php\/wp-json\/wp\/v2\/comments?post=2963"}],"version-history":[{"count":103,"href":"https:\/\/octamus.fr\/index.php\/wp-json\/wp\/v2\/pages\/2963\/revisions"}],"predecessor-version":[{"id":5848,"href":"https:\/\/octamus.fr\/index.php\/wp-json\/wp\/v2\/pages\/2963\/revisions\/5848"}],"wp:attachment":[{"href":"https:\/\/octamus.fr\/index.php\/wp-json\/wp\/v2\/media?parent=2963"}],"curies":[{"name":"wp","href":"https:\/\/api.w.org\/{rel}","templated":true}]}}