{"id":645,"date":"2021-05-14T17:22:04","date_gmt":"2021-05-14T15:22:04","guid":{"rendered":"https:\/\/octamus.fr\/?page_id=645"},"modified":"2022-03-28T09:38:32","modified_gmt":"2022-03-28T07:38:32","slug":"analyse-multifactorielle-capacites-humaines","status":"publish","type":"page","link":"https:\/\/octamus.fr\/index.php\/analyse-multifactorielle-capacites-humaines\/","title":{"rendered":"La m\u00e9thode multifactorielle"},"content":{"rendered":"\t\t<div data-elementor-type=\"wp-page\" data-elementor-id=\"645\" class=\"elementor elementor-645\">\n\t\t\t\t\t\t<section class=\"elementor-section elementor-top-section elementor-element elementor-element-e927ceb elementor-section-boxed elementor-section-height-default elementor-section-height-default\" data-id=\"e927ceb\" data-element_type=\"section\" data-e-type=\"section\">\n\t\t\t\t\t\t<div class=\"elementor-container elementor-column-gap-default\">\n\t\t\t\t\t<div class=\"elementor-column elementor-col-100 elementor-top-column elementor-element elementor-element-f9fd612\" data-id=\"f9fd612\" data-element_type=\"column\" data-e-type=\"column\">\n\t\t\t<div class=\"elementor-widget-wrap elementor-element-populated\">\n\t\t\t\t\t\t<div class=\"elementor-element elementor-element-9802d51 elementor-widget elementor-widget-heading\" data-id=\"9802d51\" data-element_type=\"widget\" data-e-type=\"widget\" data-widget_type=\"heading.default\">\n\t\t\t\t<div class=\"elementor-widget-container\">\n\t\t\t\t\t<h2 class=\"elementor-heading-title elementor-size-default\">Chapitre 2<\/h2>\t\t\t\t<\/div>\n\t\t\t\t<\/div>\n\t\t\t\t\t<\/div>\n\t\t<\/div>\n\t\t\t\t\t<\/div>\n\t\t<\/section>\n\t\t\t\t<section class=\"elementor-section elementor-top-section elementor-element elementor-element-73740de elementor-section-boxed elementor-section-height-default elementor-section-height-default\" data-id=\"73740de\" data-element_type=\"section\" data-e-type=\"section\">\n\t\t\t\t\t\t<div class=\"elementor-container elementor-column-gap-default\">\n\t\t\t\t\t<div class=\"elementor-column elementor-col-100 elementor-top-column elementor-element elementor-element-3524f2f\" data-id=\"3524f2f\" data-element_type=\"column\" data-e-type=\"column\">\n\t\t\t<div class=\"elementor-widget-wrap elementor-element-populated\">\n\t\t\t\t\t\t<div class=\"elementor-element elementor-element-f439496 elementor-widget elementor-widget-text-editor\" data-id=\"f439496\" data-element_type=\"widget\" data-e-type=\"widget\" data-widget_type=\"text-editor.default\">\n\t\t\t\t<div class=\"elementor-widget-container\">\n\t\t\t\t\t\t\t\t\t<p><a href=\"https:\/\/octamus.fr\/index.php\/2021\/05\/14\/introduction-a-lanalyse-factorielle\/\">Introduction \u00e0 l\u2019analyse factorielle<\/a><\/p>\t\t\t\t\t\t\t\t<\/div>\n\t\t\t\t<\/div>\n\t\t\t\t\t<\/div>\n\t\t<\/div>\n\t\t\t\t\t<\/div>\n\t\t<\/section>\n\t\t\t\t<section class=\"elementor-section elementor-top-section elementor-element elementor-element-5b8a2ba elementor-section-boxed elementor-section-height-default elementor-section-height-default\" data-id=\"5b8a2ba\" data-element_type=\"section\" data-e-type=\"section\">\n\t\t\t\t\t\t<div class=\"elementor-container elementor-column-gap-default\">\n\t\t\t\t\t<div class=\"elementor-column elementor-col-100 elementor-top-column elementor-element elementor-element-a310179\" data-id=\"a310179\" data-element_type=\"column\" data-e-type=\"column\">\n\t\t\t<div class=\"elementor-widget-wrap elementor-element-populated\">\n\t\t\t\t\t\t<div class=\"elementor-element elementor-element-0272f3f elementor-widget elementor-widget-text-editor\" data-id=\"0272f3f\" data-element_type=\"widget\" data-e-type=\"widget\" data-widget_type=\"text-editor.default\">\n\t\t\t\t<div class=\"elementor-widget-container\">\n\t\t\t\t\t\t\t\t\t<p><a <a href=\"https:\/\/octamus.fr\/index.php\/2021\/05\/14\/la-batterie-factorielle-standard\/\">La batterie factorielle standard<\/a>\n<\/p>\t\t\t\t\t\t\t\t<\/div>\n\t\t\t\t<\/div>\n\t\t\t\t\t<\/div>\n\t\t<\/div>\n\t\t\t\t\t<\/div>\n\t\t<\/section>\n\t\t\t\t<section class=\"elementor-section elementor-top-section elementor-element elementor-element-50a42cd elementor-section-boxed elementor-section-height-default elementor-section-height-default\" data-id=\"50a42cd\" data-element_type=\"section\" data-e-type=\"section\">\n\t\t\t\t\t\t<div class=\"elementor-container elementor-column-gap-default\">\n\t\t\t\t\t<div class=\"elementor-column elementor-col-100 elementor-top-column elementor-element elementor-element-32c73b9\" data-id=\"32c73b9\" data-element_type=\"column\" data-e-type=\"column\">\n\t\t\t<div class=\"elementor-widget-wrap elementor-element-populated\">\n\t\t\t\t\t\t<div class=\"elementor-element elementor-element-5a9c867 elementor-widget elementor-widget-text-editor\" data-id=\"5a9c867\" data-element_type=\"widget\" data-e-type=\"widget\" data-widget_type=\"text-editor.default\">\n\t\t\t\t<div class=\"elementor-widget-container\">\n\t\t\t\t\t\t\t\t\t<p><a href=\"https:\/\/octamus.fr\/index.php\/2021\/05\/14\/32-les-caracteristiques-individuelles\/\"><strong>Les caract\u00e9ristiques individuelles<\/strong><\/p>\t\t\t\t\t\t\t\t<\/div>\n\t\t\t\t<\/div>\n\t\t\t\t\t<\/div>\n\t\t<\/div>\n\t\t\t\t\t<\/div>\n\t\t<\/section>\n\t\t\t\t<section class=\"elementor-section elementor-top-section elementor-element elementor-element-b06e354 elementor-section-boxed elementor-section-height-default elementor-section-height-default\" data-id=\"b06e354\" data-element_type=\"section\" data-e-type=\"section\">\n\t\t\t\t\t\t<div class=\"elementor-container elementor-column-gap-default\">\n\t\t\t\t\t<div class=\"elementor-column elementor-col-100 elementor-top-column elementor-element elementor-element-565b88d\" data-id=\"565b88d\" data-element_type=\"column\" data-e-type=\"column\">\n\t\t\t<div class=\"elementor-widget-wrap elementor-element-populated\">\n\t\t\t\t\t\t<div class=\"elementor-element elementor-element-e1a0460 elementor-widget elementor-widget-text-editor\" data-id=\"e1a0460\" data-element_type=\"widget\" data-e-type=\"widget\" data-widget_type=\"text-editor.default\">\n\t\t\t\t<div class=\"elementor-widget-container\">\n\t\t\t\t\t\t\t\t\t<p><a href=\"https:\/\/octamus.fr\/index.php\/2021\/05\/14\/bibliographie-bonnardel-articles\/\">Bibliographie<\/a>\n<\/p>\t\t\t\t\t\t\t\t<\/div>\n\t\t\t\t<\/div>\n\t\t\t\t\t<\/div>\n\t\t<\/div>\n\t\t\t\t\t<\/div>\n\t\t<\/section>\n\t\t\t\t<section class=\"elementor-section elementor-top-section elementor-element elementor-element-d0fff35 elementor-section-boxed elementor-section-height-default elementor-section-height-default\" data-id=\"d0fff35\" data-element_type=\"section\" data-e-type=\"section\">\n\t\t\t\t\t\t<div class=\"elementor-container elementor-column-gap-default\">\n\t\t\t\t\t<div class=\"elementor-column elementor-col-100 elementor-top-column elementor-element elementor-element-a4a69c1\" data-id=\"a4a69c1\" data-element_type=\"column\" data-e-type=\"column\">\n\t\t\t<div class=\"elementor-widget-wrap elementor-element-populated\">\n\t\t\t\t\t\t<div class=\"elementor-element elementor-element-1a14aed elementor-widget elementor-widget-text-editor\" data-id=\"1a14aed\" data-element_type=\"widget\" data-e-type=\"widget\" data-widget_type=\"text-editor.default\">\n\t\t\t\t<div class=\"elementor-widget-container\">\n\t\t\t\t\t\t\t\t\t<p><a href=\"https:\/\/octamus.fr\/index.php\/2021\/05\/15\/presentation-et-descriptif-des-epreuves-bonnardel\/\">Pr\u00e9sentation et descriptif des \u00e9preuves<\/a>\n\n<\/p>\t\t\t\t\t\t\t\t<\/div>\n\t\t\t\t<\/div>\n\t\t\t\t\t<\/div>\n\t\t<\/div>\n\t\t\t\t\t<\/div>\n\t\t<\/section>\n\t\t\t\t<section class=\"elementor-section elementor-top-section elementor-element elementor-element-5deb671 elementor-section-boxed elementor-section-height-default elementor-section-height-default\" data-id=\"5deb671\" data-element_type=\"section\" data-e-type=\"section\">\n\t\t\t\t\t\t<div class=\"elementor-container elementor-column-gap-default\">\n\t\t\t\t\t<div class=\"elementor-column elementor-col-100 elementor-top-column elementor-element elementor-element-0a423bd\" data-id=\"0a423bd\" data-element_type=\"column\" data-e-type=\"column\">\n\t\t\t<div class=\"elementor-widget-wrap elementor-element-populated\">\n\t\t\t\t\t\t<div class=\"elementor-element elementor-element-c339772 elementor-widget elementor-widget-text-editor\" data-id=\"c339772\" data-element_type=\"widget\" data-e-type=\"widget\" data-widget_type=\"text-editor.default\">\n\t\t\t\t<div class=\"elementor-widget-container\">\n\t\t\t\t\t\t\t\t\t<p><a href=\"https:\/\/octamus.fr\/index.php\/2021\/05\/15\/aipa-association-internationale-de-psychologie-appliquee\/\">Association internationale de psychologie appliqu\u00e9e<\/a>\n\n<\/p>\t\t\t\t\t\t\t\t<\/div>\n\t\t\t\t<\/div>\n\t\t\t\t\t<\/div>\n\t\t<\/div>\n\t\t\t\t\t<\/div>\n\t\t<\/section>\n\t\t\t\t<section class=\"elementor-section elementor-top-section elementor-element elementor-element-66deafc elementor-section-boxed elementor-section-height-default elementor-section-height-default\" data-id=\"66deafc\" data-element_type=\"section\" data-e-type=\"section\">\n\t\t\t\t\t\t<div class=\"elementor-container elementor-column-gap-default\">\n\t\t\t\t\t<div class=\"elementor-column elementor-col-100 elementor-top-column elementor-element elementor-element-6f065cb\" data-id=\"6f065cb\" data-element_type=\"column\" data-e-type=\"column\">\n\t\t\t<div class=\"elementor-widget-wrap elementor-element-populated\">\n\t\t\t\t\t\t<div class=\"elementor-element elementor-element-9ea7a72 elementor-widget elementor-widget-text-editor\" data-id=\"9ea7a72\" data-element_type=\"widget\" data-e-type=\"widget\" data-widget_type=\"text-editor.default\">\n\t\t\t\t<div class=\"elementor-widget-container\">\n\t\t\t\t\t\t\t\t\t<p><strong><a href=\"https:\/\/octamus.fr\/index.php\/2021\/05\/15\/72-sources\/\">Sources<\/strong><\/p>\t\t\t\t\t\t\t\t<\/div>\n\t\t\t\t<\/div>\n\t\t\t\t\t<\/div>\n\t\t<\/div>\n\t\t\t\t\t<\/div>\n\t\t<\/section>\n\t\t\t\t<\/div>\n\t\t","protected":false},"excerpt":{"rendered":"<p>Chapitre 2 Introduction \u00e0 l\u2019analyse factorielle<\/p>\n","protected":false},"author":1,"featured_media":0,"parent":0,"menu_order":0,"comment_status":"closed","ping_status":"closed","template":"","meta":{"_crdt_document":"","footnotes":""},"class_list":["post-645","page","type-page","status-publish","hentry"],"yoast_head":"<!-- This site is optimized with the Yoast SEO plugin v27.5 - https:\/\/yoast.com\/product\/yoast-seo-wordpress\/ -->\n<title>La m\u00e9thode multifactorielle OCTAMUS Bonnardel<\/title>\n<meta name=\"description\" content=\"analyse multifactorielle, capacit\u00e9s humaines, batterie factorielle, caract\u00e9ristiques individuelles, psychologie appliqu\u00e9e, AIPA\" \/>\n<meta name=\"robots\" content=\"index, follow, max-snippet:-1, max-image-preview:large, max-video-preview:-1\" \/>\n<link rel=\"canonical\" href=\"https:\/\/octamus.fr\/index.php\/analyse-multifactorielle-capacites-humaines\/\" \/>\n<meta property=\"og:locale\" content=\"fr_FR\" \/>\n<meta property=\"og:type\" content=\"article\" \/>\n<meta property=\"og:title\" content=\"La m\u00e9thode multifactorielle OCTAMUS Bonnardel\" \/>\n<meta property=\"og:description\" content=\"analyse multifactorielle, capacit\u00e9s humaines, batterie factorielle, caract\u00e9ristiques individuelles, psychologie appliqu\u00e9e, AIPA\" \/>\n<meta property=\"og:url\" content=\"https:\/\/octamus.fr\/index.php\/analyse-multifactorielle-capacites-humaines\/\" \/>\n<meta property=\"og:site_name\" content=\"OCTAMUS\" \/>\n<meta property=\"article:modified_time\" content=\"2022-03-28T07:38:32+00:00\" \/>\n<meta name=\"twitter:card\" content=\"summary_large_image\" \/>\n<meta name=\"twitter:label1\" content=\"Dur\u00e9e de lecture estim\u00e9e\" \/>\n\t<meta name=\"twitter:data1\" content=\"1 minute\" \/>\n<script type=\"application\/ld+json\" class=\"yoast-schema-graph\">{\"@context\":\"https:\\\/\\\/schema.org\",\"@graph\":[{\"@type\":\"WebPage\",\"@id\":\"https:\\\/\\\/octamus.fr\\\/index.php\\\/analyse-multifactorielle-capacites-humaines\\\/\",\"url\":\"https:\\\/\\\/octamus.fr\\\/index.php\\\/analyse-multifactorielle-capacites-humaines\\\/\",\"name\":\"La m\u00e9thode multifactorielle OCTAMUS Bonnardel\",\"isPartOf\":{\"@id\":\"https:\\\/\\\/octamus.fr\\\/#website\"},\"datePublished\":\"2021-05-14T15:22:04+00:00\",\"dateModified\":\"2022-03-28T07:38:32+00:00\",\"description\":\"analyse multifactorielle, capacit\u00e9s humaines, batterie factorielle, caract\u00e9ristiques individuelles, psychologie appliqu\u00e9e, AIPA\",\"breadcrumb\":{\"@id\":\"https:\\\/\\\/octamus.fr\\\/index.php\\\/analyse-multifactorielle-capacites-humaines\\\/#breadcrumb\"},\"inLanguage\":\"fr-FR\",\"potentialAction\":[{\"@type\":\"ReadAction\",\"target\":[\"https:\\\/\\\/octamus.fr\\\/index.php\\\/analyse-multifactorielle-capacites-humaines\\\/\"]}]},{\"@type\":\"BreadcrumbList\",\"@id\":\"https:\\\/\\\/octamus.fr\\\/index.php\\\/analyse-multifactorielle-capacites-humaines\\\/#breadcrumb\",\"itemListElement\":[{\"@type\":\"ListItem\",\"position\":1,\"name\":\"Accueil\",\"item\":\"https:\\\/\\\/octamus.fr\\\/\"},{\"@type\":\"ListItem\",\"position\":2,\"name\":\"La m\u00e9thode multifactorielle\"}]},{\"@type\":\"WebSite\",\"@id\":\"https:\\\/\\\/octamus.fr\\\/#website\",\"url\":\"https:\\\/\\\/octamus.fr\\\/\",\"name\":\"OCTAMUS\",\"description\":\"Psychom\u00e9trie et Psychologie\",\"publisher\":{\"@id\":\"https:\\\/\\\/octamus.fr\\\/#organization\"},\"potentialAction\":[{\"@type\":\"SearchAction\",\"target\":{\"@type\":\"EntryPoint\",\"urlTemplate\":\"https:\\\/\\\/octamus.fr\\\/?s={search_term_string}\"},\"query-input\":{\"@type\":\"PropertyValueSpecification\",\"valueRequired\":true,\"valueName\":\"search_term_string\"}}],\"inLanguage\":\"fr-FR\"},{\"@type\":\"Organization\",\"@id\":\"https:\\\/\\\/octamus.fr\\\/#organization\",\"name\":\"OCTAMUS\",\"url\":\"https:\\\/\\\/octamus.fr\\\/\",\"logo\":{\"@type\":\"ImageObject\",\"inLanguage\":\"fr-FR\",\"@id\":\"https:\\\/\\\/octamus.fr\\\/#\\\/schema\\\/logo\\\/image\\\/\",\"url\":\"https:\\\/\\\/octamus.fr\\\/wp-content\\\/uploads\\\/2021\\\/05\\\/cropped-spheres-e1728397570855.png\",\"contentUrl\":\"https:\\\/\\\/octamus.fr\\\/wp-content\\\/uploads\\\/2021\\\/05\\\/cropped-spheres-e1728397570855.png\",\"width\":352,\"height\":41,\"caption\":\"OCTAMUS\"},\"image\":{\"@id\":\"https:\\\/\\\/octamus.fr\\\/#\\\/schema\\\/logo\\\/image\\\/\"}}]}<\/script>\n<!-- \/ Yoast SEO plugin. -->","yoast_head_json":{"title":"La m\u00e9thode multifactorielle OCTAMUS Bonnardel","description":"analyse multifactorielle, capacit\u00e9s humaines, batterie factorielle, caract\u00e9ristiques individuelles, psychologie appliqu\u00e9e, AIPA","robots":{"index":"index","follow":"follow","max-snippet":"max-snippet:-1","max-image-preview":"max-image-preview:large","max-video-preview":"max-video-preview:-1"},"canonical":"https:\/\/octamus.fr\/index.php\/analyse-multifactorielle-capacites-humaines\/","og_locale":"fr_FR","og_type":"article","og_title":"La m\u00e9thode multifactorielle OCTAMUS Bonnardel","og_description":"analyse multifactorielle, capacit\u00e9s humaines, batterie factorielle, caract\u00e9ristiques individuelles, psychologie appliqu\u00e9e, AIPA","og_url":"https:\/\/octamus.fr\/index.php\/analyse-multifactorielle-capacites-humaines\/","og_site_name":"OCTAMUS","article_modified_time":"2022-03-28T07:38:32+00:00","twitter_card":"summary_large_image","twitter_misc":{"Dur\u00e9e de lecture estim\u00e9e":"1 minute"},"schema":{"@context":"https:\/\/schema.org","@graph":[{"@type":"WebPage","@id":"https:\/\/octamus.fr\/index.php\/analyse-multifactorielle-capacites-humaines\/","url":"https:\/\/octamus.fr\/index.php\/analyse-multifactorielle-capacites-humaines\/","name":"La m\u00e9thode multifactorielle OCTAMUS Bonnardel","isPartOf":{"@id":"https:\/\/octamus.fr\/#website"},"datePublished":"2021-05-14T15:22:04+00:00","dateModified":"2022-03-28T07:38:32+00:00","description":"analyse multifactorielle, capacit\u00e9s humaines, batterie factorielle, caract\u00e9ristiques individuelles, psychologie appliqu\u00e9e, AIPA","breadcrumb":{"@id":"https:\/\/octamus.fr\/index.php\/analyse-multifactorielle-capacites-humaines\/#breadcrumb"},"inLanguage":"fr-FR","potentialAction":[{"@type":"ReadAction","target":["https:\/\/octamus.fr\/index.php\/analyse-multifactorielle-capacites-humaines\/"]}]},{"@type":"BreadcrumbList","@id":"https:\/\/octamus.fr\/index.php\/analyse-multifactorielle-capacites-humaines\/#breadcrumb","itemListElement":[{"@type":"ListItem","position":1,"name":"Accueil","item":"https:\/\/octamus.fr\/"},{"@type":"ListItem","position":2,"name":"La m\u00e9thode multifactorielle"}]},{"@type":"WebSite","@id":"https:\/\/octamus.fr\/#website","url":"https:\/\/octamus.fr\/","name":"OCTAMUS","description":"Psychom\u00e9trie et Psychologie","publisher":{"@id":"https:\/\/octamus.fr\/#organization"},"potentialAction":[{"@type":"SearchAction","target":{"@type":"EntryPoint","urlTemplate":"https:\/\/octamus.fr\/?s={search_term_string}"},"query-input":{"@type":"PropertyValueSpecification","valueRequired":true,"valueName":"search_term_string"}}],"inLanguage":"fr-FR"},{"@type":"Organization","@id":"https:\/\/octamus.fr\/#organization","name":"OCTAMUS","url":"https:\/\/octamus.fr\/","logo":{"@type":"ImageObject","inLanguage":"fr-FR","@id":"https:\/\/octamus.fr\/#\/schema\/logo\/image\/","url":"https:\/\/octamus.fr\/wp-content\/uploads\/2021\/05\/cropped-spheres-e1728397570855.png","contentUrl":"https:\/\/octamus.fr\/wp-content\/uploads\/2021\/05\/cropped-spheres-e1728397570855.png","width":352,"height":41,"caption":"OCTAMUS"},"image":{"@id":"https:\/\/octamus.fr\/#\/schema\/logo\/image\/"}}]}},"jetpack_sharing_enabled":true,"_links":{"self":[{"href":"https:\/\/octamus.fr\/index.php\/wp-json\/wp\/v2\/pages\/645","targetHints":{"allow":["GET"]}}],"collection":[{"href":"https:\/\/octamus.fr\/index.php\/wp-json\/wp\/v2\/pages"}],"about":[{"href":"https:\/\/octamus.fr\/index.php\/wp-json\/wp\/v2\/types\/page"}],"author":[{"embeddable":true,"href":"https:\/\/octamus.fr\/index.php\/wp-json\/wp\/v2\/users\/1"}],"replies":[{"embeddable":true,"href":"https:\/\/octamus.fr\/index.php\/wp-json\/wp\/v2\/comments?post=645"}],"version-history":[{"count":55,"href":"https:\/\/octamus.fr\/index.php\/wp-json\/wp\/v2\/pages\/645\/revisions"}],"predecessor-version":[{"id":5097,"href":"https:\/\/octamus.fr\/index.php\/wp-json\/wp\/v2\/pages\/645\/revisions\/5097"}],"wp:attachment":[{"href":"https:\/\/octamus.fr\/index.php\/wp-json\/wp\/v2\/media?parent=645"}],"curies":[{"name":"wp","href":"https:\/\/api.w.org\/{rel}","templated":true}]}}